{"id":51,"date":"2021-07-15T13:15:53","date_gmt":"2021-07-15T11:15:53","guid":{"rendered":"http:\/\/corpsacoeur.eu\/?page_id=51"},"modified":"2021-07-15T13:25:56","modified_gmt":"2021-07-15T11:25:56","slug":"notre-fonctionnement","status":"publish","type":"page","link":"https:\/\/corpsacoeur.eu\/index.php\/notre-fonctionnement\/","title":{"rendered":"Notre fonctionnement"},"content":{"rendered":"\n<p>Nous vous accueillons pour des s\u00e9ances individuelles, du lundi au samedi.Nous vous proposons un suivi de 3 \u00e0 5 s\u00e9ances en \u00e9quicoaching et nous adaptons \u00e0 vos envies ainsi qu\u2019\u00e0 la m\u00e9t\u00e9o avec, \u00e9ventuellement, un fonctionnement hybride \u00e9quicoaching\/coaching.<\/p>\n","protected":false},"excerpt":{"rendered":"<p>Nous vous accueillons pour des s\u00e9ances individuelles, du lundi au samedi.Nous vous proposons un suivi de 3 \u00e0 5 s\u00e9ances en \u00e9quicoaching et nous adaptons \u00e0 vos envies ainsi qu\u2019\u00e0 la m\u00e9t\u00e9o avec, \u00e9ventuellement, un fonctionnement hybride \u00e9quicoaching\/coaching.<\/p>\n","protected":false},"author":1,"featured_media":0,"parent":0,"menu_order":0,"comment_status":"closed","ping_status":"closed","template":"","meta":[],"_links":{"self":[{"href":"https:\/\/corpsacoeur.eu\/index.php\/wp-json\/wp\/v2\/pages\/51"}],"collection":[{"href":"https:\/\/corpsacoeur.eu\/index.php\/wp-json\/wp\/v2\/pages"}],"about":[{"href":"https:\/\/corpsacoeur.eu\/index.php\/wp-json\/wp\/v2\/types\/page"}],"author":[{"embeddable":true,"href":"https:\/\/corpsacoeur.eu\/index.php\/wp-json\/wp\/v2\/users\/1"}],"replies":[{"embeddable":true,"href":"https:\/\/corpsacoeur.eu\/index.php\/wp-json\/wp\/v2\/comments?post=51"}],"version-history":[{"count":2,"href":"https:\/\/corpsacoeur.eu\/index.php\/wp-json\/wp\/v2\/pages\/51\/revisions"}],"predecessor-version":[{"id":75,"href":"https:\/\/corpsacoeur.eu\/index.php\/wp-json\/wp\/v2\/pages\/51\/revisions\/75"}],"wp:attachment":[{"href":"https:\/\/corpsacoeur.eu\/index.php\/wp-json\/wp\/v2\/media?parent=51"}],"curies":[{"name":"wp","href":"https:\/\/api.w.org\/{rel}","templated":true}]}}